{"id":109,"date":"2023-10-26T12:35:16","date_gmt":"2023-10-26T10:35:16","guid":{"rendered":"https:\/\/matyas.fosa.cz\/?page_id=109"},"modified":"2023-10-29T11:31:13","modified_gmt":"2023-10-29T10:31:13","slug":"velryby","status":"publish","type":"page","link":"https:\/\/matyas.fosa.cz\/velryby\/","title":{"rendered":"Velryby"},"content":{"rendered":"<div class=\"vce-row-container\"><div class=\"vce-row vce-element--has-background vce-row--col-gap-30 vce-row-full-height vce-row-columns--top vce-row-content--top\" data-vce-full-width=\"true\" data-vce-sticky-element=\"true\" data-vce-sticky-z-index=\"10\" id=\"el-b6d1b8d2\" data-vce-do-apply=\"all el-b6d1b8d2\"><div class=\"vce-content-background-container\"><div class=\"vce-asset-parallax-container vce-visible-all-only\" data-vce-assets-parallax-mouse-move=\".vce-asset-parallax\" data-vce-assets-parallax-mouse-move-element=\"b6d1b8d2\" data-vce-assets-parallax-speed=\"1\"><div class=\"vce-asset-parallax vce-asset-parallax-mouse-move\" style=\"inset: -1vh -1vw; transform: translate(0px, 0px);\"><div class=\"vce-asset-background-simple-container vce-visible-all-only vce-asset-background-simple--style-cover vce-asset-background-simple--position-center-center\"><div class=\"vce-asset-background-simple\">\n              <div class=\"vce-asset-background-simple-item vcv-lozad\" data-background-image=\"https:\/\/matyas.fosa.cz\/wp-content\/uploads\/2023\/10\/velvelvel.png\"><\/div>\n              <noscript>\n                <div class=\"vce-asset-background-simple-item\" style=\"background-image: url(https:\/\/matyas.fosa.cz\/wp-content\/uploads\/2023\/10\/velvelvel.png)\"><\/div>\n              <\/noscript>\n            <\/div><\/div><\/div><\/div><\/div><div class=\"vce-row-content\" data-vce-element-content=\"true\"><div class=\"vce-col vce-col--md-auto vce-col--xs-1 vce-col--xs-last vce-col--xs-first vce-col--sm-last vce-col--sm-first vce-col--md-last vce-col--lg-last vce-col--xl-last vce-col--md-first vce-col--lg-first vce-col--xl-first\" id=\"el-2773eb34\"><div class=\"vce-col-inner\" data-vce-do-apply=\"border margin background  el-2773eb34\"><div class=\"vce-content-background-container\"><\/div><div class=\"vce-col-content\" data-vce-element-content=\"true\" data-vce-do-apply=\"padding el-2773eb34\"><div class=\"vce-single-image-container vce-single-image--align-left\"><div class=\"vce vce-single-image-wrapper\" id=\"el-fcdbee59\" data-vce-do-apply=\"all el-fcdbee59\" data-vce-animate=\"vce-o-animate--scaleInDown\" data-vce-animate-delay=\"vce-o-animate-delay--0.3\"><figure><div class=\"vce-single-image-figure-inner\" style=\"width: 85px;\"><div class=\"vce-single-image-inner vce-single-image--absolute\" style=\"width: 100%; padding-bottom: 101.176%;\"><img decoding=\"async\" class=\"vce-single-image\" src=\"https:\/\/matyas.fosa.cz\/wp-content\/uploads\/2023\/10\/logo_velryba.png\" data-img-src=\"https:\/\/matyas.fosa.cz\/wp-content\/uploads\/2023\/10\/logo_velryba.png\" data-attachment-id=\"82\" alt=\"\" title=\"logo_velryba\"><\/div><\/div><figcaption hidden=\"\"><\/figcaption><\/figure><\/div><\/div><div class=\"vce-google-fonts-heading vce-google-fonts-heading--align-center vce-google-fonts-heading--gradient-b-255-255-255--45--b-126-73-226--b-255-255-255 vce-google-fonts-heading--font-family-Poppins\"><div id=\"el-06cc0270\" class=\"vce-google-fonts-heading-wrapper\"><div class=\"vce-google-fonts-heading--background vce\" data-vce-do-apply=\"border background  padding margin el-06cc0270\" data-vce-animate=\"vce-o-animate--slideInDown\" data-vce-animate-delay=\"vce-o-animate-delay--0\"><h1 class=\"vce-google-fonts-heading-inner\" style=\"font-size: 150px; line-height: 1; letter-spacing: 2px; font-weight: 900; font-style: italic;\">VELRYBY<\/h1><\/div><\/div><\/div><div class=\"vce-text-block\"><div class=\"vce-text-block-wrapper vce\" id=\"el-10d468ac\" data-vce-do-apply=\"all el-10d468ac\" data-vce-animate=\"vce-o-animate--scaleInDown\" data-vce-animate-delay=\"vce-o-animate-delay--0.3\"><h4 style=\"text-align: center;\"><span style=\"color: #ffffff;\">kr\u00e1lov\u00e9 mo\u0159\u00ed s ob\u0159\u00edmi t\u011bly.<\/span><\/h4><\/div><\/div><div class=\"vce-features vce-var-icon vce-features--style-filled-circle vce-features--size-medium\" style=\"--iconAlignment: center; --iconColor: #fff; --iconColorHover: rgb(120, 61, 218); --shapeColor: rgba(0, 0, 0, 0); --shapeColorHover: rgba(0, 0, 0, 0); --linkColorHover: rgba(0,0,0,0);\"><div id=\"el-fb130e79\" class=\"vce vce-features-icon-wrapper\" data-vce-do-apply=\"all el-fb130e79\" data-vce-animate=\"vce-o-animate--slideInDown\" data-vce-animate-delay=\"vce-o-animate-delay--0.3\"><div class=\"vce-features--icon vce-icon\"><svg xmlns=\"https:\/\/www.w3.org\/2000\/svg\" viewBox=\"0 0 769 769\"><path stroke-width=\"25\" d=\"M565.755 696.27h-360l-180-311.77 180-311.77h360l180 311.77z\"><\/path><\/svg><span class=\"vce-icon-container fas fa-arrow-down\"><\/span><\/div><\/div><\/div><\/div><\/div><\/div><\/div><\/div><\/div><div class=\"vce-row-container\"><div class=\"vce-row vce-element--has-background vce-row--col-gap-30 vce-row-full-height vce-row-columns--top vce-row-content--top\" data-vce-full-width=\"true\" data-vce-sticky-element=\"true\" data-vce-sticky-z-index=\"20\" id=\"el-c3d6b881\" data-vce-do-apply=\"all el-c3d6b881\"><div class=\"vce-content-background-container\"><div class=\"vce-asset-parallax-container vce-visible-all-only\" data-vce-assets-parallax-mouse-move=\".vce-asset-parallax\" data-vce-assets-parallax-mouse-move-element=\"c3d6b881\" data-vce-assets-parallax-speed=\"1\"><div class=\"vce-asset-parallax vce-asset-parallax-mouse-move\" style=\"inset: -1vh -1vw; transform: translate(0px, 0px);\"><div class=\"vce-asset-background-simple-container vce-visible-all-only vce-asset-background-simple--style-cover vce-asset-background-simple--position-center-center\"><div class=\"vce-asset-background-simple\">\n              <div class=\"vce-asset-background-simple-item vcv-lozad\" data-background-image=\"https:\/\/matyas.fosa.cz\/wp-content\/uploads\/2023\/10\/ll.png\"><\/div>\n              <noscript>\n                <div class=\"vce-asset-background-simple-item\" style=\"background-image: url(https:\/\/matyas.fosa.cz\/wp-content\/uploads\/2023\/10\/ll.png)\"><\/div>\n              <\/noscript>\n            <\/div><\/div><\/div><\/div><\/div><div class=\"vce-row-content\" data-vce-element-content=\"true\"><div class=\"vce-col vce-col--md-100p vce-col--xs-1 vce-col--xs-last vce-col--xs-first vce-col--sm-last vce-col--sm-first vce-col--md-last vce-col--lg-last vce-col--xl-last vce-col--md-first vce-col--lg-first vce-col--xl-first\" id=\"el-8a937266\"><div class=\"vce-col-inner\" data-vce-do-apply=\"border margin background  el-8a937266\"><div class=\"vce-content-background-container\"><\/div><div class=\"vce-col-content\" data-vce-element-content=\"true\" data-vce-do-apply=\"padding el-8a937266\"><div><\/div><\/div><\/div><\/div><div class=\"vce-col vce-col--md-51p vce-col--xs-1 vce-col--xs-last vce-col--xs-first vce-col--sm-last vce-col--sm-first vce-col--md-first vce-col--lg-first vce-col--xl-first\" id=\"el-7713d0fa\"><div class=\"vce-col-inner\" data-vce-do-apply=\"border margin background  el-7713d0fa\"><div class=\"vce-col-content\" data-vce-element-content=\"true\" data-vce-do-apply=\"padding el-7713d0fa\"><div class=\"vce-google-fonts-heading vce-google-fonts-heading--align-left vce-google-fonts-heading--gradient-b-255-255-255--43--b-12-115-212--b-255-255-255 vce-google-fonts-heading--font-family-Poppins\"><div id=\"el-a78e6cb9\" class=\"vce-google-fonts-heading-wrapper\"><div class=\"vce-google-fonts-heading--background vce\" data-vce-do-apply=\"border background  padding margin el-a78e6cb9\"><h2 class=\"vce-google-fonts-heading-inner\" style=\"font-size: 80px; line-height: 1; letter-spacing: 2px; font-weight: 600; font-style: normal;\">Z\u00e1kladn\u00ed informace<\/h2><\/div><\/div><\/div><\/div><\/div><\/div><div class=\"vce-col vce-col--md-auto vce-col--xs-1 vce-col--xs-last vce-col--xs-first vce-col--sm-last vce-col--sm-first vce-col--md-last vce-col--lg-last vce-col--xl-last\" id=\"el-27b1e6bb\"><div class=\"vce-col-inner\" data-vce-do-apply=\"border margin background  el-27b1e6bb\"><div class=\"vce-col-content\" data-vce-element-content=\"true\" data-vce-do-apply=\"padding el-27b1e6bb\"><div class=\"vce-text-block\"><div class=\"vce-text-block-wrapper vce\" id=\"el-2eada8de\" data-vce-do-apply=\"all el-2eada8de\"><p><span style=\"font-size: 14pt;\"><strong><span style=\"font-family: Poppins; color: #ffffff;\">Hmotnost: a\u017e 200 tun<\/span><\/strong><\/span><\/p><p style=\"line-height: 0.5;\"><span style=\"color: #ffffff;\">___________________<\/span><\/p><p><span style=\"font-size: 14pt;\"><strong><span style=\"font-family: Poppins; color: #ffffff;\">D\u00e9lka: a\u017e 30 metr\u016f<\/span><\/strong><\/span><\/p><p style=\"line-height: 0.5;\"><span style=\"color: #ffffff;\">___________________<\/span><\/p><p><span style=\"font-size: 14pt;\"><strong><span style=\"font-family: Poppins; color: #ffffff;\">D\u00e9lka \u017eivota: a\u017e 70 let<\/span><\/strong><\/span><\/p><p style=\"line-height: 0.5;\"><span style=\"color: #ffffff;\">___________________<\/span><\/p><p><span style=\"font-size: 14pt;\"><strong><span style=\"font-family: Poppins; color: #ffffff;\"><span style=\"font-size: 14pt;\">Potrava: plankton a men\u0161\u00ed ryby<\/span><\/span><\/strong><\/span><\/p><\/div><\/div><\/div><\/div><\/div><\/div><\/div><\/div><div class=\"vce-row-container\"><div class=\"vce-row vce-element--has-background vce-row--col-gap-30 vce-row-full-height vce-row-columns--top vce-row-content--top\" data-vce-full-width=\"true\" data-vce-sticky-element=\"true\" data-vce-sticky-z-index=\"30\" id=\"el-85fc715d\" data-vce-do-apply=\"all el-85fc715d\"><div class=\"vce-content-background-container\"><div class=\"vce-asset-parallax-container vce-visible-all-only\" data-vce-assets-parallax-mouse-move=\".vce-asset-parallax\" data-vce-assets-parallax-mouse-move-element=\"85fc715d\" data-vce-assets-parallax-speed=\"1\"><div class=\"vce-asset-parallax vce-asset-parallax-mouse-move\" style=\"inset: -1vh -1vw; transform: translate(0px, 0px);\"><div class=\"vce-asset-background-simple-container vce-visible-all-only vce-asset-background-simple--style-cover vce-asset-background-simple--position-center-center\"><div class=\"vce-asset-background-simple\">\n              <div class=\"vce-asset-background-simple-item vcv-lozad\" data-background-image=\"https:\/\/matyas.fosa.cz\/wp-content\/uploads\/2023\/10\/lll.png\"><\/div>\n              <noscript>\n                <div class=\"vce-asset-background-simple-item\" style=\"background-image: url(https:\/\/matyas.fosa.cz\/wp-content\/uploads\/2023\/10\/lll.png)\"><\/div>\n              <\/noscript>\n            <\/div><\/div><\/div><\/div><\/div><div class=\"vce-row-content\" data-vce-element-content=\"true\"><div class=\"vce-col vce-col--md-100p vce-col--xs-1 vce-col--xs-last vce-col--xs-first vce-col--sm-last vce-col--sm-first vce-col--md-last vce-col--lg-last vce-col--xl-last vce-col--md-first vce-col--lg-first vce-col--xl-first\" id=\"el-ce870676\"><div class=\"vce-col-inner\" data-vce-do-apply=\"border margin background  el-ce870676\"><div class=\"vce-content-background-container\"><\/div><div class=\"vce-col-content\" data-vce-element-content=\"true\" data-vce-do-apply=\"padding el-ce870676\"><div><\/div><\/div><\/div><\/div><div class=\"vce-col vce-col--md-50p vce-col--xs-1 vce-col--xs-last vce-col--xs-first vce-col--sm-last vce-col--sm-first vce-col--md-first vce-col--lg-first vce-col--xl-first\" id=\"el-68bc492d\"><div class=\"vce-col-inner\" data-vce-do-apply=\"border margin background  el-68bc492d\"><div class=\"vce-col-content\" data-vce-element-content=\"true\" data-vce-do-apply=\"padding el-68bc492d\"><div class=\"vce-google-fonts-heading vce-google-fonts-heading--align-left vce-google-fonts-heading--gradient-b-255-255-255--43--b-12-115-212--b-255-255-255 vce-google-fonts-heading--font-family-Poppins\"><div id=\"el-44065350\" class=\"vce-google-fonts-heading-wrapper\"><div class=\"vce-google-fonts-heading--background vce\" data-vce-do-apply=\"border background  padding margin el-44065350\"><h2 class=\"vce-google-fonts-heading-inner\" style=\"font-size: 80px; line-height: 1; letter-spacing: 2px; font-weight: 600; font-style: italic;\">PLEJTV\u00c1K OBROVSK\u00dd<\/h2><\/div><\/div><\/div><\/div><\/div><\/div><div class=\"vce-col vce-col--md-49p vce-col--xs-1 vce-col--xs-last vce-col--xs-first vce-col--sm-last vce-col--sm-first vce-col--md-last vce-col--lg-last vce-col--xl-last\" id=\"el-b2a623e3\"><div class=\"vce-col-inner\" data-vce-do-apply=\"border margin background  el-b2a623e3\"><div class=\"vce-col-content\" data-vce-element-content=\"true\" data-vce-do-apply=\"padding el-b2a623e3\"><div class=\"vce-text-block\"><div class=\"vce-text-block-wrapper vce\" id=\"el-a21d2a46\" data-vce-do-apply=\"all el-a21d2a46\"><p><span style=\"font-size: 14pt;\"><strong><span style=\"font-family: Poppins; color: #ffffff;\">Modr\u00e1 barva, b\u00edl\u00e9 skvrny na boc\u00edch t\u011bla, charakteristick\u00e9 ploutve.<\/span><\/strong><\/span><\/p><p style=\"line-height: 0.5;\"><span style=\"color: #ffffff;\">___________________<\/span><\/p><p><span style=\"font-size: 14pt;\"><strong><span style=\"font-family: Poppins; color: #ffffff;\">Pou\u017e\u00edvaj\u00ed zvuky k dorozum\u00edv\u00e1n\u00ed, pat\u0159\u00ed mezi druhy, kter\u00e9 zp\u00edvaj\u00ed p\u00edsn\u011b.<\/span><\/strong><\/span><\/p><p style=\"line-height: 0.5;\"><span style=\"color: #ffffff;\">___________________<\/span><\/p><p><span style=\"font-size: 14pt;\"><strong><span style=\"font-family: Poppins; color: #ffffff;\">V minulosti byli intenzivn\u011b loveni, ale nyn\u00ed jsou chr\u00e1n\u011bni.<\/span><\/strong><\/span><\/p><p style=\"line-height: 0.5;\"><span style=\"color: #ffffff;\">___________________<\/span><\/p><p><span style=\"font-size: 14pt;\"><strong><span style=\"font-family: Poppins; color: #ffffff;\">Dlouh\u00e9 migra\u010dn\u00ed cesty mezi tepl\u00fdmi a chladn\u00fdmi vodami.<\/span><\/strong><\/span><\/p><p>&nbsp;<\/p><\/div><\/div><\/div><\/div><\/div><\/div><\/div><\/div><div class=\"vce-row-container\"><div class=\"vce-row vce-element--has-background vce-row--col-gap-30 vce-row-full-height vce-row-columns--top vce-row-content--top\" data-vce-full-width=\"true\" data-vce-sticky-element=\"true\" data-vce-sticky-z-index=\"40\" id=\"el-a88ea2b4\" data-vce-do-apply=\"all el-a88ea2b4\"><div class=\"vce-content-background-container\"><div class=\"vce-asset-parallax-container vce-visible-all-only\" data-vce-assets-parallax-mouse-move=\".vce-asset-parallax\" data-vce-assets-parallax-mouse-move-element=\"a88ea2b4\" data-vce-assets-parallax-speed=\"1\"><div class=\"vce-asset-parallax vce-asset-parallax-mouse-move\" style=\"inset: -1vh -1vw; transform: translate(0px, 0px);\"><div class=\"vce-asset-background-simple-container vce-visible-all-only vce-asset-background-simple--style-cover vce-asset-background-simple--position-center-center\"><div class=\"vce-asset-background-simple\">\n              <div class=\"vce-asset-background-simple-item vcv-lozad\" data-background-image=\"https:\/\/matyas.fosa.cz\/wp-content\/uploads\/2023\/10\/lllll.png\"><\/div>\n              <noscript>\n                <div class=\"vce-asset-background-simple-item\" style=\"background-image: url(https:\/\/matyas.fosa.cz\/wp-content\/uploads\/2023\/10\/lllll.png)\"><\/div>\n              <\/noscript>\n            <\/div><\/div><\/div><\/div><\/div><div class=\"vce-row-content\" data-vce-element-content=\"true\"><div class=\"vce-col vce-col--md-100p vce-col--xs-1 vce-col--xs-last vce-col--xs-first vce-col--sm-last vce-col--sm-first vce-col--md-last vce-col--lg-last vce-col--xl-last vce-col--md-first vce-col--lg-first vce-col--xl-first\" id=\"el-af1212d2\"><div class=\"vce-col-inner\" data-vce-do-apply=\"border margin background  el-af1212d2\"><div class=\"vce-content-background-container\"><\/div><div class=\"vce-col-content\" data-vce-element-content=\"true\" data-vce-do-apply=\"padding el-af1212d2\"><div><\/div><\/div><\/div><\/div><div class=\"vce-col vce-col--md-52p vce-col--xs-1 vce-col--xs-last vce-col--xs-first vce-col--sm-last vce-col--sm-first vce-col--md-first vce-col--lg-first vce-col--xl-first\" id=\"el-00b262e4\"><div class=\"vce-col-inner\" data-vce-do-apply=\"border margin background  el-00b262e4\"><div class=\"vce-col-content\" data-vce-element-content=\"true\" data-vce-do-apply=\"padding el-00b262e4\"><div class=\"vce-google-fonts-heading vce-google-fonts-heading--align-left vce-google-fonts-heading--gradient-b-255-255-255--43--b-188-72-38--b-199-0-255 vce-google-fonts-heading--font-family-Poppins\"><div id=\"el-06ea153f\" class=\"vce-google-fonts-heading-wrapper\"><div class=\"vce-google-fonts-heading--background vce\" data-vce-do-apply=\"border background  padding margin el-06ea153f\"><h2 class=\"vce-google-fonts-heading-inner\" style=\"font-size: 80px; line-height: 1; letter-spacing: 2px; font-weight: 600; font-style: italic;\">SUGARDENNY<\/h2><\/div><\/div><\/div><\/div><\/div><\/div><div class=\"vce-col vce-col--md-48p vce-col--xs-1 vce-col--xs-last vce-col--xs-first vce-col--sm-last vce-col--sm-first vce-col--md-last vce-col--lg-last vce-col--xl-last\" id=\"el-58fa1a0a\"><div class=\"vce-col-inner\" data-vce-do-apply=\"border margin background  el-58fa1a0a\"><div class=\"vce-col-content\" data-vce-element-content=\"true\" data-vce-do-apply=\"padding el-58fa1a0a\"><div class=\"vce-text-block\"><div class=\"vce-text-block-wrapper vce\" id=\"el-3d51d657\" data-vce-do-apply=\"all el-3d51d657\"><p><span style=\"font-size: 14pt;\"><strong><span style=\"font-family: Poppins; color: #ffffff;\">Hmotnost: 200 tun<\/span><\/strong><\/span><\/p><p style=\"line-height: 0.5;\"><span style=\"color: #ffffff;\">___________________<\/span><\/p><p><span style=\"font-size: 14pt;\"><strong><span style=\"font-family: Poppins; color: #ffffff;\">\u0160\u00ed\u0159ka:&nbsp; 15 metr\u016f<\/span><\/strong><\/span><\/p><p style=\"line-height: 0.5;\"><span style=\"color: #ffffff;\">___________________<\/span><\/p><p><span style=\"font-size: 14pt;\"><strong><span style=\"font-family: Poppins; color: #ffffff;\">Ohro\u017een\u00ed: jestli nezhubne, vyhyne<\/span><\/strong><\/span><\/p><p style=\"line-height: 0.5;\"><span style=\"color: #ffffff;\">___________________<\/span><\/p><p><span style=\"font-size: 14pt;\"><strong><span style=\"font-family: Poppins; color: #ffffff;\"><span style=\"font-size: 14pt;\">SLAY QUEEEN<\/span><\/span><\/strong><\/span><\/p><\/div><\/div><\/div><\/div><\/div><\/div><\/div><\/div>","protected":false},"excerpt":{"rendered":"<p>VELRYBYkr\u00e1lov\u00e9 mo\u0159\u00ed s ob\u0159\u00edmi t\u011bly. Z\u00e1kladn\u00ed informaceHmotnost: a\u017e 200 tun___________________D\u00e9lka: a\u017e 30 metr\u016f___________________D\u00e9lka \u017eivota: a\u017e 70 let___________________Potrava: plankton a men\u0161\u00ed ryby PLEJTV\u00c1K OBROVSK\u00ddModr\u00e1 barva, b\u00edl\u00e9 skvrny na boc\u00edch t\u011bla, charakteristick\u00e9 ploutve.___________________Pou\u017e\u00edvaj\u00ed zvuky k dorozum\u00edv\u00e1n\u00ed, pat\u0159\u00ed mezi druhy, kter\u00e9 zp\u00edvaj\u00ed p\u00edsn\u011b.___________________V minulosti byli intenzivn\u011b loveni, ale nyn\u00ed jsou chr\u00e1n\u011bni.___________________Dlouh\u00e9 migra\u010dn\u00ed cesty mezi tepl\u00fdmi a chladn\u00fdmi vodami.&nbsp; [&hellip;]<\/p>\n","protected":false},"author":2,"featured_media":82,"parent":0,"menu_order":0,"comment_status":"closed","ping_status":"closed","template":"","meta":{"footnotes":""},"class_list":["post-109","page","type-page","status-publish","has-post-thumbnail","hentry"],"_links":{"self":[{"href":"https:\/\/matyas.fosa.cz\/velryby\/wp-json\/wp\/v2\/pages\/109","targetHints":{"allow":["GET"]}}],"collection":[{"href":"https:\/\/matyas.fosa.cz\/velryby\/wp-json\/wp\/v2\/pages"}],"about":[{"href":"https:\/\/matyas.fosa.cz\/velryby\/wp-json\/wp\/v2\/types\/page"}],"author":[{"embeddable":true,"href":"https:\/\/matyas.fosa.cz\/velryby\/wp-json\/wp\/v2\/users\/2"}],"replies":[{"embeddable":true,"href":"https:\/\/matyas.fosa.cz\/velryby\/wp-json\/wp\/v2\/comments?post=109"}],"version-history":[{"count":28,"href":"https:\/\/matyas.fosa.cz\/velryby\/wp-json\/wp\/v2\/pages\/109\/revisions"}],"predecessor-version":[{"id":151,"href":"https:\/\/matyas.fosa.cz\/velryby\/wp-json\/wp\/v2\/pages\/109\/revisions\/151"}],"wp:featuredmedia":[{"embeddable":true,"href":"https:\/\/matyas.fosa.cz\/velryby\/wp-json\/wp\/v2\/media\/82"}],"wp:attachment":[{"href":"https:\/\/matyas.fosa.cz\/velryby\/wp-json\/wp\/v2\/media?parent=109"}],"curies":[{"name":"wp","href":"https:\/\/api.w.org\/{rel}","templated":true}]}}